{"id":91,"date":"2025-02-08T14:11:02","date_gmt":"2025-02-08T14:11:02","guid":{"rendered":"https:\/\/slug.lindhesidan.se\/?page_id=91"},"modified":"2025-10-14T15:45:28","modified_gmt":"2025-10-14T15:45:28","slug":"att-foglimma","status":"publish","type":"page","link":"https:\/\/slug.lindhesidan.se\/?page_id=91","title":{"rendered":"Limfogning"},"content":{"rendered":"\n<p>Foglimning \u00e4r ett bra alternativ n\u00e4r man vill tillverka st\u00f6rre arbetsstycken och f\u00e5 dom formstabila. H\u00e4r ned visar jag p\u00e5 en variant ni kan anv\u00e4nda Er av denna kurs. F\u00f6rst beh\u00f6ver man en id\u00e9 hur slutresultatet ska bli och m\u00e5tten den ska ha. D\u00e4refter n\u00e4r det \u00e4r fastlagt s\u00e5 \u00e4r det dags att b\u00f6rja. I detta exempel ska det tillverkas en frukostbricka d\u00e4r vi utg\u00e5r ifr\u00e5n 70 mm breda rikt och planhyvlade  15 mm furubr\u00e4dor. limmad blir foglimningen  L-320mm B-210 mm TjL-9 mm efter rikt och planhyvlingen<\/p>\n\n\n\n<ul class=\"wp-block-list\">\n<li>Ta fram en liml\u00e5da och 3st Limknektar samt 2-3 sm\u00e5 skruvtvingar. Se till att liml\u00e5da \u00e4r fastsp\u00e4nd i arbetsb\u00e4nken.<\/li>\n\n\n\n<li>H\u00e4mta tr\u00e4lim som t\u00e5l vatten och torkpapper, samt hj\u00e4lpande kompisar om l\u00e4get kr\u00e4ver det.<\/li>\n\n\n\n<li>L\u00e4gg dit 2 st limknektar i sk\u00e5rorna p\u00e5 liml\u00e5da.<\/li>\n\n\n\n<li>placera ut stavarna p\u00e5 som du vill limma dom och inspektera att de inte har glapp eller springor i fogarna.<\/li>\n\n\n\n<li>Rita sen en v-form \u00f6ver stavarna s\u00e5 du vet HUR dom ska placeras n\u00e4r du lagt p\u00e5 lim.<\/li>\n\n\n\n<li>Nu g\u00f6r du en provlimning utan lim s\u00e5 du vet HUR du  G\u00f6r och allt fungerar<\/li>\n\n\n\n<li>B\u00f6rja med att skruva tillbaka skruv g\u00e4ngorna i botten och pressa moth\u00e5llen till kanten p\u00e5 sista staven, s\u00e5 allt \u00e4r redo n\u00e4r du applicerat p\u00e5 limmet och lagt tillbaka stavarna enligt v-formen. <br><\/li>\n\n\n\n<li> Nu viker du upp stavarna p\u00e5 h\u00f6gkant och l\u00e4gger p\u00e5 limmet. Det r\u00e4cker att stryka p\u00e5 limmet p\u00e5 en sida och inget lim beh\u00f6vs p\u00e5 yttersidan. Var noga s\u00e5 det blir lim \u00f6verallt.<\/li>\n\n\n\n<li><\/li>\n\n\n\n<li>L\u00e4gg tillbaka stavarna enligt m\u00f6nstret och sp\u00e4nn de tv\u00e5 underliggande limknektarna l\u00f6st och r\u00e4ta upp limfogen till 90 grader och ta de tredje limknekten \u00f6ver limfogen och sp\u00e4nn den h\u00e5rt och eftersp\u00e4nn \u00f6vriga tvingar lika h\u00e5rt. <\/li>\n\n\n\n<li>ta tiden som st\u00e5r p\u00e5 flaskan och skriv n\u00e4r torktiden \u00e4r \u00f6ver p\u00e5 plankan.<\/li>\n\n\n\n<li>Klart\ud83d\ude00!<br><\/li>\n<\/ul>\n\n\n\n<figure class=\"wp-block-image size-large\"><img loading=\"lazy\" decoding=\"async\" width=\"1024\" height=\"768\" src=\"https:\/\/slug.lindhesidan.se\/wp-content\/uploads\/2025\/02\/Foglimning-1024x768.jpg\" alt=\"\" class=\"wp-image-102\" srcset=\"https:\/\/slug.lindhesidan.se\/wp-content\/uploads\/2025\/02\/Foglimning-1024x768.jpg 1024w, https:\/\/slug.lindhesidan.se\/wp-content\/uploads\/2025\/02\/Foglimning-300x225.jpg 300w, https:\/\/slug.lindhesidan.se\/wp-content\/uploads\/2025\/02\/Foglimning-768x576.jpg 768w, https:\/\/slug.lindhesidan.se\/wp-content\/uploads\/2025\/02\/Foglimning-1536x1152.jpg 1536w, https:\/\/slug.lindhesidan.se\/wp-content\/uploads\/2025\/02\/Foglimning-2048x1536.jpg 2048w\" sizes=\"auto, (max-width: 1024px) 100vw, 1024px\" \/><\/figure>\n\n\n\n<p><\/p>\n","protected":false},"excerpt":{"rendered":"<p>Foglimning \u00e4r ett bra alternativ n\u00e4r man vill tillverka st\u00f6rre arbetsstycken och f\u00e5 dom formstabila. H\u00e4r ned visar jag p\u00e5 en variant ni kan anv\u00e4nda Er av denna kurs. F\u00f6rst beh\u00f6ver man en id\u00e9 hur slutresultatet ska bli och m\u00e5tten den ska ha. D\u00e4refter n\u00e4r det \u00e4r fastlagt s\u00e5 \u00e4r det dags att b\u00f6rja. I [&hellip;]<\/p>\n","protected":false},"author":2,"featured_media":0,"parent":34,"menu_order":0,"comment_status":"closed","ping_status":"closed","template":"","meta":{"footnotes":""},"class_list":["post-91","page","type-page","status-publish","hentry"],"_links":{"self":[{"href":"https:\/\/slug.lindhesidan.se\/index.php?rest_route=\/wp\/v2\/pages\/91","targetHints":{"allow":["GET"]}}],"collection":[{"href":"https:\/\/slug.lindhesidan.se\/index.php?rest_route=\/wp\/v2\/pages"}],"about":[{"href":"https:\/\/slug.lindhesidan.se\/index.php?rest_route=\/wp\/v2\/types\/page"}],"author":[{"embeddable":true,"href":"https:\/\/slug.lindhesidan.se\/index.php?rest_route=\/wp\/v2\/users\/2"}],"replies":[{"embeddable":true,"href":"https:\/\/slug.lindhesidan.se\/index.php?rest_route=%2Fwp%2Fv2%2Fcomments&post=91"}],"version-history":[{"count":11,"href":"https:\/\/slug.lindhesidan.se\/index.php?rest_route=\/wp\/v2\/pages\/91\/revisions"}],"predecessor-version":[{"id":179,"href":"https:\/\/slug.lindhesidan.se\/index.php?rest_route=\/wp\/v2\/pages\/91\/revisions\/179"}],"up":[{"embeddable":true,"href":"https:\/\/slug.lindhesidan.se\/index.php?rest_route=\/wp\/v2\/pages\/34"}],"wp:attachment":[{"href":"https:\/\/slug.lindhesidan.se\/index.php?rest_route=%2Fwp%2Fv2%2Fmedia&parent=91"}],"curies":[{"name":"wp","href":"https:\/\/api.w.org\/{rel}","templated":true}]}}