{"id":63,"date":"2025-01-19T11:14:22","date_gmt":"2025-01-19T11:14:22","guid":{"rendered":"https:\/\/slug.lindhesidan.se\/?page_id=63"},"modified":"2025-10-14T15:47:11","modified_gmt":"2025-10-14T15:47:11","slug":"maskiner","status":"publish","type":"page","link":"https:\/\/slug.lindhesidan.se\/?page_id=63","title":{"rendered":"Maskiner  i skolan"},"content":{"rendered":"\n<p>I sl\u00f6jden beh\u00f6vs maskiner som utf\u00f6r arbeten effektivare och snabbare. En l\u00e4rare beh\u00f6ver f\u00f6rbereda eller snabba p\u00e5 ett Tema. D\u00e5 kr\u00e4vs dessa maskiner f\u00f6r att m\u00f6jligg\u00f6ra mer avancerade och tidskr\u00e4vande uppgifter. Vissa maskiner kommer ni f\u00e5 anv\u00e4nda.<\/p>\n\n\n\n<h4 class=\"wp-block-heading\">Elevmaskiner<\/h4>\n\n\n\n<figure class=\"wp-block-gallery has-nested-images columns-default is-cropped wp-block-gallery-1 is-layout-flex wp-block-gallery-is-layout-flex\">\n<figure class=\"wp-block-image size-large is-style-rounded\"><img loading=\"lazy\" decoding=\"async\" width=\"765\" height=\"1024\" data-id=\"169\" src=\"https:\/\/slug.lindhesidan.se\/wp-content\/uploads\/2025\/10\/Hegnersagen-765x1024.jpg\" alt=\"\" class=\"wp-image-169\" srcset=\"https:\/\/slug.lindhesidan.se\/wp-content\/uploads\/2025\/10\/Hegnersagen-765x1024.jpg 765w, https:\/\/slug.lindhesidan.se\/wp-content\/uploads\/2025\/10\/Hegnersagen-224x300.jpg 224w, https:\/\/slug.lindhesidan.se\/wp-content\/uploads\/2025\/10\/Hegnersagen-768x1028.jpg 768w, https:\/\/slug.lindhesidan.se\/wp-content\/uploads\/2025\/10\/Hegnersagen-1147x1536.jpg 1147w, https:\/\/slug.lindhesidan.se\/wp-content\/uploads\/2025\/10\/Hegnersagen-1530x2048.jpg 1530w, https:\/\/slug.lindhesidan.se\/wp-content\/uploads\/2025\/10\/Hegnersagen-scaled.jpg 1912w\" sizes=\"auto, (max-width: 765px) 100vw, 765px\" \/><figcaption class=\"wp-element-caption\"><strong>Maskinkonturs\u00e5gen<\/strong><\/figcaption><\/figure>\n\n\n\n<figure class=\"wp-block-image size-large is-style-rounded\"><img loading=\"lazy\" decoding=\"async\" width=\"1024\" height=\"765\" data-id=\"170\" src=\"https:\/\/slug.lindhesidan.se\/wp-content\/uploads\/2025\/10\/Makitaskruvdragare-1-1024x765.jpg\" alt=\"\" class=\"wp-image-170\" srcset=\"https:\/\/slug.lindhesidan.se\/wp-content\/uploads\/2025\/10\/Makitaskruvdragare-1-1024x765.jpg 1024w, https:\/\/slug.lindhesidan.se\/wp-content\/uploads\/2025\/10\/Makitaskruvdragare-1-300x224.jpg 300w, https:\/\/slug.lindhesidan.se\/wp-content\/uploads\/2025\/10\/Makitaskruvdragare-1-768x574.jpg 768w, https:\/\/slug.lindhesidan.se\/wp-content\/uploads\/2025\/10\/Makitaskruvdragare-1-1536x1147.jpg 1536w, https:\/\/slug.lindhesidan.se\/wp-content\/uploads\/2025\/10\/Makitaskruvdragare-1-2048x1530.jpg 2048w\" sizes=\"auto, (max-width: 1024px) 100vw, 1024px\" \/><figcaption class=\"wp-element-caption\"><strong>Skruvdragaren- Borrmaskinen<\/strong><\/figcaption><\/figure>\n\n\n\n<figure class=\"wp-block-image size-large is-style-rounded\"><img loading=\"lazy\" decoding=\"async\" width=\"768\" height=\"1024\" data-id=\"171\" src=\"https:\/\/slug.lindhesidan.se\/wp-content\/uploads\/2025\/10\/Skruvstyckeborrning_pelarborr-768x1024.jpg\" alt=\"\" class=\"wp-image-171\" srcset=\"https:\/\/slug.lindhesidan.se\/wp-content\/uploads\/2025\/10\/Skruvstyckeborrning_pelarborr-768x1024.jpg 768w, https:\/\/slug.lindhesidan.se\/wp-content\/uploads\/2025\/10\/Skruvstyckeborrning_pelarborr-225x300.jpg 225w, https:\/\/slug.lindhesidan.se\/wp-content\/uploads\/2025\/10\/Skruvstyckeborrning_pelarborr-1152x1536.jpg 1152w, https:\/\/slug.lindhesidan.se\/wp-content\/uploads\/2025\/10\/Skruvstyckeborrning_pelarborr-1536x2048.jpg 1536w, https:\/\/slug.lindhesidan.se\/wp-content\/uploads\/2025\/10\/Skruvstyckeborrning_pelarborr-scaled.jpg 1920w\" sizes=\"auto, (max-width: 768px) 100vw, 768px\" \/><figcaption class=\"wp-element-caption\"><strong>Pelarborren<\/strong><\/figcaption><\/figure>\n<\/figure>\n\n\n\n<h3 class=\"wp-block-heading\">L\u00e4rarmaskiner<\/h3>\n\n\n\n<figure class=\"wp-block-gallery has-nested-images columns-default is-cropped wp-block-gallery-2 is-layout-flex wp-block-gallery-is-layout-flex\">\n<figure class=\"wp-block-image size-large is-style-rounded\"><img loading=\"lazy\" decoding=\"async\" width=\"1024\" height=\"768\" data-id=\"61\" src=\"https:\/\/slug.lindhesidan.se\/wp-content\/uploads\/2025\/01\/Riktplan_mortens-1024x768.jpg\" alt=\"\" class=\"wp-image-61\" srcset=\"https:\/\/slug.lindhesidan.se\/wp-content\/uploads\/2025\/01\/Riktplan_mortens-1024x768.jpg 1024w, https:\/\/slug.lindhesidan.se\/wp-content\/uploads\/2025\/01\/Riktplan_mortens-300x225.jpg 300w, https:\/\/slug.lindhesidan.se\/wp-content\/uploads\/2025\/01\/Riktplan_mortens-768x576.jpg 768w, https:\/\/slug.lindhesidan.se\/wp-content\/uploads\/2025\/01\/Riktplan_mortens-1536x1152.jpg 1536w, https:\/\/slug.lindhesidan.se\/wp-content\/uploads\/2025\/01\/Riktplan_mortens-2048x1536.jpg 2048w\" sizes=\"auto, (max-width: 1024px) 100vw, 1024px\" \/><figcaption class=\"wp-element-caption\"><strong>Rikt och planhyveln<\/strong><\/figcaption><\/figure>\n\n\n\n<figure class=\"wp-block-image size-large is-style-rounded\"><img loading=\"lazy\" decoding=\"async\" width=\"1024\" height=\"1024\" data-id=\"172\" src=\"https:\/\/slug.lindhesidan.se\/wp-content\/uploads\/2025\/10\/Solberga-1024x1024.webp\" alt=\"\" class=\"wp-image-172\" srcset=\"https:\/\/slug.lindhesidan.se\/wp-content\/uploads\/2025\/10\/Solberga-1024x1024.webp 1024w, https:\/\/slug.lindhesidan.se\/wp-content\/uploads\/2025\/10\/Solberga-300x300.webp 300w, https:\/\/slug.lindhesidan.se\/wp-content\/uploads\/2025\/10\/Solberga-150x150.webp 150w, https:\/\/slug.lindhesidan.se\/wp-content\/uploads\/2025\/10\/Solberga-768x768.webp 768w, https:\/\/slug.lindhesidan.se\/wp-content\/uploads\/2025\/10\/Solberga.webp 1080w\" sizes=\"auto, (max-width: 1024px) 100vw, 1024px\" \/><figcaption class=\"wp-element-caption\"><strong>Svarven<\/strong><\/figcaption><\/figure>\n<\/figure>\n\n\n\n<p><\/p>\n","protected":false},"excerpt":{"rendered":"<p>I sl\u00f6jden beh\u00f6vs maskiner som utf\u00f6r arbeten effektivare och snabbare. En l\u00e4rare beh\u00f6ver f\u00f6rbereda eller snabba p\u00e5 ett Tema. D\u00e5 kr\u00e4vs dessa maskiner f\u00f6r att m\u00f6jligg\u00f6ra mer avancerade och tidskr\u00e4vande uppgifter. Vissa maskiner kommer ni f\u00e5 anv\u00e4nda. Elevmaskiner L\u00e4rarmaskiner<\/p>\n","protected":false},"author":2,"featured_media":0,"parent":182,"menu_order":0,"comment_status":"closed","ping_status":"closed","template":"","meta":{"footnotes":""},"class_list":["post-63","page","type-page","status-publish","hentry"],"_links":{"self":[{"href":"https:\/\/slug.lindhesidan.se\/index.php?rest_route=\/wp\/v2\/pages\/63","targetHints":{"allow":["GET"]}}],"collection":[{"href":"https:\/\/slug.lindhesidan.se\/index.php?rest_route=\/wp\/v2\/pages"}],"about":[{"href":"https:\/\/slug.lindhesidan.se\/index.php?rest_route=\/wp\/v2\/types\/page"}],"author":[{"embeddable":true,"href":"https:\/\/slug.lindhesidan.se\/index.php?rest_route=\/wp\/v2\/users\/2"}],"replies":[{"embeddable":true,"href":"https:\/\/slug.lindhesidan.se\/index.php?rest_route=%2Fwp%2Fv2%2Fcomments&post=63"}],"version-history":[{"count":6,"href":"https:\/\/slug.lindhesidan.se\/index.php?rest_route=\/wp\/v2\/pages\/63\/revisions"}],"predecessor-version":[{"id":187,"href":"https:\/\/slug.lindhesidan.se\/index.php?rest_route=\/wp\/v2\/pages\/63\/revisions\/187"}],"up":[{"embeddable":true,"href":"https:\/\/slug.lindhesidan.se\/index.php?rest_route=\/wp\/v2\/pages\/182"}],"wp:attachment":[{"href":"https:\/\/slug.lindhesidan.se\/index.php?rest_route=%2Fwp%2Fv2%2Fmedia&parent=63"}],"curies":[{"name":"wp","href":"https:\/\/api.w.org\/{rel}","templated":true}]}}