{"id":56,"date":"2025-01-19T07:46:09","date_gmt":"2025-01-19T07:46:09","guid":{"rendered":"https:\/\/slug.lindhesidan.se\/?page_id=56"},"modified":"2025-10-14T16:20:53","modified_gmt":"2025-10-14T16:20:53","slug":"handmaskiner","status":"publish","type":"page","link":"https:\/\/slug.lindhesidan.se\/?page_id=56","title":{"rendered":"Maskiner"},"content":{"rendered":"\n<p>Inom sl\u00f6jden anv\u00e4nds en hel del handh\u00e5llna maskiner som underl\u00e4ttar arbetet i sl\u00f6jden. Vid fel handhavande kan du ocks\u00e5 ruinera ett arbete i n\u00e4sta \u00f6gonblick om man inte \u00e4r intr\u00e4nad p\u00e5 dessa. Prova alltid p\u00e5 ett annat arbetsycke innan, s\u00e5 du \u00e4r s\u00e4ker i hur du g\u00f6r f\u00f6r ett tillfredst\u00e4llande resultat. Klicka p\u00e5 bilderna nedan f\u00f6r mer info om de olika maskinerna. <\/p>\n\n\n\n<p><\/p>\n","protected":false},"excerpt":{"rendered":"<p>Inom sl\u00f6jden anv\u00e4nds en hel del handh\u00e5llna maskiner som underl\u00e4ttar arbetet i sl\u00f6jden. Vid fel handhavande kan du ocks\u00e5 ruinera ett arbete i n\u00e4sta \u00f6gonblick om man inte \u00e4r intr\u00e4nad p\u00e5 dessa. Prova alltid p\u00e5 ett annat arbetsycke innan, s\u00e5 du \u00e4r s\u00e4ker i hur du g\u00f6r f\u00f6r ett tillfredst\u00e4llande resultat. Klicka p\u00e5 bilderna nedan [&hellip;]<\/p>\n","protected":false},"author":2,"featured_media":0,"parent":11,"menu_order":0,"comment_status":"closed","ping_status":"closed","template":"","meta":{"footnotes":""},"class_list":["post-56","page","type-page","status-publish","hentry"],"_links":{"self":[{"href":"https:\/\/slug.lindhesidan.se\/index.php?rest_route=\/wp\/v2\/pages\/56","targetHints":{"allow":["GET"]}}],"collection":[{"href":"https:\/\/slug.lindhesidan.se\/index.php?rest_route=\/wp\/v2\/pages"}],"about":[{"href":"https:\/\/slug.lindhesidan.se\/index.php?rest_route=\/wp\/v2\/types\/page"}],"author":[{"embeddable":true,"href":"https:\/\/slug.lindhesidan.se\/index.php?rest_route=\/wp\/v2\/users\/2"}],"replies":[{"embeddable":true,"href":"https:\/\/slug.lindhesidan.se\/index.php?rest_route=%2Fwp%2Fv2%2Fcomments&post=56"}],"version-history":[{"count":2,"href":"https:\/\/slug.lindhesidan.se\/index.php?rest_route=\/wp\/v2\/pages\/56\/revisions"}],"predecessor-version":[{"id":200,"href":"https:\/\/slug.lindhesidan.se\/index.php?rest_route=\/wp\/v2\/pages\/56\/revisions\/200"}],"up":[{"embeddable":true,"href":"https:\/\/slug.lindhesidan.se\/index.php?rest_route=\/wp\/v2\/pages\/11"}],"wp:attachment":[{"href":"https:\/\/slug.lindhesidan.se\/index.php?rest_route=%2Fwp%2Fv2%2Fmedia&parent=56"}],"curies":[{"name":"wp","href":"https:\/\/api.w.org\/{rel}","templated":true}]}}