{"id":176,"date":"2025-10-14T14:45:46","date_gmt":"2025-10-14T14:45:46","guid":{"rendered":"https:\/\/slug.lindhesidan.se\/?page_id=176"},"modified":"2025-10-14T16:22:58","modified_gmt":"2025-10-14T16:22:58","slug":"mina-alster","status":"publish","type":"page","link":"https:\/\/slug.lindhesidan.se\/?page_id=176","title":{"rendered":"Mina alster"},"content":{"rendered":"\n<h4 class=\"wp-block-heading\">Golvh\u00f6gtalare<\/h4>\n\n\n\n<p>\u00c4r man musikintresserad som jag kan man bygga sig ett par fantastiskt v\u00e4lspelande h\u00f6gtalare f\u00f6r en femtedel av priset i handeln. Dessutom \u00e4r dom gjrda av 28 mm Ask , vilket inga h\u00f6gtalare under Samtidigt som din kunskap \u00f6kade och v\u00e4gen till f\u00e4rdigt resultat var v\u00e4ldigt rolig. m\u00e5nga nyfikna kom fram i verkstan och hade \u00e5sikter. jag h\u00f6ll p\u00e5 i m\u00e5nader med planering och sl\u00f6jdande. Det kallas livsgl\u00e4dje.<\/p>\n\n\n\n<figure class=\"wp-block-image size-large\"><img loading=\"lazy\" decoding=\"async\" width=\"1024\" height=\"576\" src=\"https:\/\/slug.lindhesidan.se\/wp-content\/uploads\/2025\/10\/AE5F94CE-7144-46A0-A630-5E330B514893-1024x576.jpg\" alt=\"\" class=\"wp-image-177\" srcset=\"https:\/\/slug.lindhesidan.se\/wp-content\/uploads\/2025\/10\/AE5F94CE-7144-46A0-A630-5E330B514893-1024x576.jpg 1024w, https:\/\/slug.lindhesidan.se\/wp-content\/uploads\/2025\/10\/AE5F94CE-7144-46A0-A630-5E330B514893-300x169.jpg 300w, https:\/\/slug.lindhesidan.se\/wp-content\/uploads\/2025\/10\/AE5F94CE-7144-46A0-A630-5E330B514893-768x432.jpg 768w, https:\/\/slug.lindhesidan.se\/wp-content\/uploads\/2025\/10\/AE5F94CE-7144-46A0-A630-5E330B514893-1536x864.jpg 1536w, https:\/\/slug.lindhesidan.se\/wp-content\/uploads\/2025\/10\/AE5F94CE-7144-46A0-A630-5E330B514893-2048x1152.jpg 2048w\" sizes=\"auto, (max-width: 1024px) 100vw, 1024px\" \/><\/figure>\n\n\n\n<p><\/p>\n","protected":false},"excerpt":{"rendered":"<p>Golvh\u00f6gtalare \u00c4r man musikintresserad som jag kan man bygga sig ett par fantastiskt v\u00e4lspelande h\u00f6gtalare f\u00f6r en femtedel av priset i handeln. Dessutom \u00e4r dom gjrda av 28 mm Ask , vilket inga h\u00f6gtalare under Samtidigt som din kunskap \u00f6kade och v\u00e4gen till f\u00e4rdigt resultat var v\u00e4ldigt rolig. m\u00e5nga nyfikna kom fram i verkstan och [&hellip;]<\/p>\n","protected":false},"author":2,"featured_media":0,"parent":11,"menu_order":0,"comment_status":"closed","ping_status":"closed","template":"","meta":{"footnotes":""},"class_list":["post-176","page","type-page","status-publish","hentry"],"_links":{"self":[{"href":"https:\/\/slug.lindhesidan.se\/index.php?rest_route=\/wp\/v2\/pages\/176","targetHints":{"allow":["GET"]}}],"collection":[{"href":"https:\/\/slug.lindhesidan.se\/index.php?rest_route=\/wp\/v2\/pages"}],"about":[{"href":"https:\/\/slug.lindhesidan.se\/index.php?rest_route=\/wp\/v2\/types\/page"}],"author":[{"embeddable":true,"href":"https:\/\/slug.lindhesidan.se\/index.php?rest_route=\/wp\/v2\/users\/2"}],"replies":[{"embeddable":true,"href":"https:\/\/slug.lindhesidan.se\/index.php?rest_route=%2Fwp%2Fv2%2Fcomments&post=176"}],"version-history":[{"count":1,"href":"https:\/\/slug.lindhesidan.se\/index.php?rest_route=\/wp\/v2\/pages\/176\/revisions"}],"predecessor-version":[{"id":178,"href":"https:\/\/slug.lindhesidan.se\/index.php?rest_route=\/wp\/v2\/pages\/176\/revisions\/178"}],"up":[{"embeddable":true,"href":"https:\/\/slug.lindhesidan.se\/index.php?rest_route=\/wp\/v2\/pages\/11"}],"wp:attachment":[{"href":"https:\/\/slug.lindhesidan.se\/index.php?rest_route=%2Fwp%2Fv2%2Fmedia&parent=176"}],"curies":[{"name":"wp","href":"https:\/\/api.w.org\/{rel}","templated":true}]}}