{"id":121,"date":"2025-09-27T17:42:59","date_gmt":"2025-09-27T17:42:59","guid":{"rendered":"https:\/\/slug.lindhesidan.se\/?page_id=121"},"modified":"2025-10-14T15:44:08","modified_gmt":"2025-10-14T15:44:08","slug":"att-saga","status":"publish","type":"page","link":"https:\/\/slug.lindhesidan.se\/?page_id=121","title":{"rendered":"S\u00e5ga"},"content":{"rendered":"\n<p>S\u00e5ga kan man g\u00f6ra p\u00e5 m\u00e5nga s\u00e4tt. H\u00e4r nedan finns lite tips hur ni kan g\u00f6ra.<\/p>\n\n\n\n<figure class=\"wp-block-image size-full is-resized\"><img loading=\"lazy\" decoding=\"async\" width=\"123\" height=\"123\" src=\"https:\/\/slug.lindhesidan.se\/wp-content\/uploads\/2025\/09\/Saga-i-traskiva-mov-QRcode.png\" alt=\"Hej\" class=\"wp-image-133\" style=\"width:132px;height:auto\"\/><figcaption class=\"wp-element-caption\">Att s\u00e5ga i plywood<\/figcaption><\/figure>\n\n\n\n<figure class=\"wp-block-image size-large is-resized\"><a href=\"http:\/\/gofile.me\/76mPp\/EGJAWPtCV\" target=\"_blank\" rel=\" noreferrer noopener\"><img loading=\"lazy\" decoding=\"async\" width=\"1024\" height=\"768\" src=\"https:\/\/slug.lindhesidan.se\/wp-content\/uploads\/2025\/09\/IMG_1906-2-1024x768.jpeg\" alt=\"\" class=\"wp-image-130\" style=\"width:190px\" srcset=\"https:\/\/slug.lindhesidan.se\/wp-content\/uploads\/2025\/09\/IMG_1906-2-1024x768.jpeg 1024w, https:\/\/slug.lindhesidan.se\/wp-content\/uploads\/2025\/09\/IMG_1906-2-300x225.jpeg 300w, https:\/\/slug.lindhesidan.se\/wp-content\/uploads\/2025\/09\/IMG_1906-2-768x576.jpeg 768w, https:\/\/slug.lindhesidan.se\/wp-content\/uploads\/2025\/09\/IMG_1906-2-1536x1152.jpeg 1536w, https:\/\/slug.lindhesidan.se\/wp-content\/uploads\/2025\/09\/IMG_1906-2-2048x1536.jpeg 2048w\" sizes=\"auto, (max-width: 1024px) 100vw, 1024px\" \/><\/a><\/figure>\n\n\n\n<p><\/p>\n","protected":false},"excerpt":{"rendered":"<p>S\u00e5ga kan man g\u00f6ra p\u00e5 m\u00e5nga s\u00e4tt. H\u00e4r nedan finns lite tips hur ni kan g\u00f6ra.<\/p>\n","protected":false},"author":2,"featured_media":0,"parent":34,"menu_order":0,"comment_status":"closed","ping_status":"closed","template":"","meta":{"footnotes":""},"class_list":["post-121","page","type-page","status-publish","hentry"],"_links":{"self":[{"href":"https:\/\/slug.lindhesidan.se\/index.php?rest_route=\/wp\/v2\/pages\/121","targetHints":{"allow":["GET"]}}],"collection":[{"href":"https:\/\/slug.lindhesidan.se\/index.php?rest_route=\/wp\/v2\/pages"}],"about":[{"href":"https:\/\/slug.lindhesidan.se\/index.php?rest_route=\/wp\/v2\/types\/page"}],"author":[{"embeddable":true,"href":"https:\/\/slug.lindhesidan.se\/index.php?rest_route=\/wp\/v2\/users\/2"}],"replies":[{"embeddable":true,"href":"https:\/\/slug.lindhesidan.se\/index.php?rest_route=%2Fwp%2Fv2%2Fcomments&post=121"}],"version-history":[{"count":5,"href":"https:\/\/slug.lindhesidan.se\/index.php?rest_route=\/wp\/v2\/pages\/121\/revisions"}],"predecessor-version":[{"id":155,"href":"https:\/\/slug.lindhesidan.se\/index.php?rest_route=\/wp\/v2\/pages\/121\/revisions\/155"}],"up":[{"embeddable":true,"href":"https:\/\/slug.lindhesidan.se\/index.php?rest_route=\/wp\/v2\/pages\/34"}],"wp:attachment":[{"href":"https:\/\/slug.lindhesidan.se\/index.php?rest_route=%2Fwp%2Fv2%2Fmedia&parent=121"}],"curies":[{"name":"wp","href":"https:\/\/api.w.org\/{rel}","templated":true}]}}