{"id":11,"date":"2025-10-14T14:39:54","date_gmt":"2025-10-14T14:39:54","guid":{"rendered":"https:\/\/slug.lindhesidan.se\/?page_id=11"},"modified":"2025-10-14T15:16:22","modified_gmt":"2025-10-14T15:16:22","slug":"valkommen","status":"publish","type":"page","link":"https:\/\/slug.lindhesidan.se\/?page_id=11","title":{"rendered":"V\u00e4lkommen till Slugsidan"},"content":{"rendered":"\n<p> Ordet &#8221;sl\u00f6g&#8221; (fornnordiska) betydde slug, h\u00e4ndig och praktisk och hade en stark koppling till \u00f6verlevnad.\u00a0Dessa personer stod h\u00f6gt i rang och upplevdes som lyckliga. En by \u00f6verlevde inte utan &#8221;sl\u00f6gar&#8221; och dom k\u00e4nde livsgl\u00e4dje i att hj\u00e4lpa byborna. D\u00e4rav Smeden, skomakarn, snickarn, uppfinnarn osv. <\/p>\n\n\n\n<p>Ordet &#8221;slug&#8221;\u00a0har historiskt varit en del av ordet sl\u00f6jd och betydde ursprungligen p\u00e5hittig, fiffig, klok och h\u00e4ndig.\u00a0Kopplingen till sl\u00f6jdens ursprung under vikingatiden handlar om att vara praktiskt skicklig och p\u00e5hittig med de material som fanns till hands.\u00a0<\/p>\n\n\n\n<p>I v\u00e4rlden just g\u00f6rs ju fantastiska saker, men vi \u00e4r beroende av vad andra kan och gl\u00f6mmer ofta bort att vi beh\u00f6ver uttrycka oss i det praktiska sj\u00e4lva. man bygger inte en  automover sj\u00e4lv f\u00f6r den har tusentals m\u00e4nniskors innovation, testande och kunskap bakom sig. Men i sl\u00f6jden kan du skapa en helhet sj\u00e4lv, med hj\u00e4lp av klassika verktyg som utvecklats sen urminnes tider. <\/p>\n\n\n\n<p><\/p>\n","protected":false},"excerpt":{"rendered":"<p>Ordet &#8221;sl\u00f6g&#8221; (fornnordiska) betydde slug, h\u00e4ndig och praktisk och hade en stark koppling till \u00f6verlevnad.\u00a0Dessa personer stod h\u00f6gt i rang och upplevdes som lyckliga. En by \u00f6verlevde inte utan &#8221;sl\u00f6gar&#8221; och dom k\u00e4nde livsgl\u00e4dje i att hj\u00e4lpa byborna. D\u00e4rav Smeden, skomakarn, snickarn, uppfinnarn osv. Ordet &#8221;slug&#8221;\u00a0har historiskt varit en del av ordet sl\u00f6jd och betydde [&hellip;]<\/p>\n","protected":false},"author":2,"featured_media":0,"parent":0,"menu_order":0,"comment_status":"closed","ping_status":"closed","template":"","meta":{"footnotes":""},"class_list":["post-11","page","type-page","status-publish","hentry"],"_links":{"self":[{"href":"https:\/\/slug.lindhesidan.se\/index.php?rest_route=\/wp\/v2\/pages\/11","targetHints":{"allow":["GET"]}}],"collection":[{"href":"https:\/\/slug.lindhesidan.se\/index.php?rest_route=\/wp\/v2\/pages"}],"about":[{"href":"https:\/\/slug.lindhesidan.se\/index.php?rest_route=\/wp\/v2\/types\/page"}],"author":[{"embeddable":true,"href":"https:\/\/slug.lindhesidan.se\/index.php?rest_route=\/wp\/v2\/users\/2"}],"replies":[{"embeddable":true,"href":"https:\/\/slug.lindhesidan.se\/index.php?rest_route=%2Fwp%2Fv2%2Fcomments&post=11"}],"version-history":[{"count":1,"href":"https:\/\/slug.lindhesidan.se\/index.php?rest_route=\/wp\/v2\/pages\/11\/revisions"}],"predecessor-version":[{"id":175,"href":"https:\/\/slug.lindhesidan.se\/index.php?rest_route=\/wp\/v2\/pages\/11\/revisions\/175"}],"wp:attachment":[{"href":"https:\/\/slug.lindhesidan.se\/index.php?rest_route=%2Fwp%2Fv2%2Fmedia&parent=11"}],"curies":[{"name":"wp","href":"https:\/\/api.w.org\/{rel}","templated":true}]}}