{"id":104,"date":"2025-02-09T04:34:25","date_gmt":"2025-02-09T04:34:25","guid":{"rendered":"https:\/\/slug.lindhesidan.se\/?page_id=104"},"modified":"2026-01-11T16:41:36","modified_gmt":"2026-01-11T16:41:36","slug":"forma-en-skarbrada","status":"publish","type":"page","link":"https:\/\/slug.lindhesidan.se\/?page_id=104","title":{"rendered":"Forma"},"content":{"rendered":"\n<p>Denna genomg\u00e5ng visar grunderna i hur man kan forma sina kanter och f\u00e5 en fin yta p\u00e5 sin sk\u00e4rbr\u00e4da. Det finns massor av tekniker och alternativ att g\u00f6ra detta p\u00e5. S\u00e5 h\u00e4r visar jag med de verktyg som ni kommer i kontakt med i denna kurs.<\/p>\n\n\n\n<figure class=\"wp-block-gallery has-nested-images columns-default is-cropped wp-block-gallery-1 is-layout-flex wp-block-gallery-is-layout-flex\">\n<figure class=\"wp-block-image size-large\"><a href=\"https:\/\/slug.lindhesidan.se\/wp-content\/uploads\/2026\/01\/IMG_2124-scaled.jpeg\" target=\"_blank\" rel=\" noreferrer noopener\"><img loading=\"lazy\" decoding=\"async\" width=\"768\" height=\"1024\" data-id=\"215\" src=\"https:\/\/slug.lindhesidan.se\/wp-content\/uploads\/2026\/01\/IMG_2124-768x1024.jpeg\" alt=\"\" class=\"wp-image-215\" srcset=\"https:\/\/slug.lindhesidan.se\/wp-content\/uploads\/2026\/01\/IMG_2124-768x1024.jpeg 768w, https:\/\/slug.lindhesidan.se\/wp-content\/uploads\/2026\/01\/IMG_2124-225x300.jpeg 225w, https:\/\/slug.lindhesidan.se\/wp-content\/uploads\/2026\/01\/IMG_2124-1152x1536.jpeg 1152w, https:\/\/slug.lindhesidan.se\/wp-content\/uploads\/2026\/01\/IMG_2124-1536x2048.jpeg 1536w, https:\/\/slug.lindhesidan.se\/wp-content\/uploads\/2026\/01\/IMG_2124-scaled.jpeg 1920w\" sizes=\"auto, (max-width: 768px) 100vw, 768px\" \/><\/a><\/figure>\n\n\n<\/figure>\n","protected":false},"excerpt":{"rendered":"<p>Denna genomg\u00e5ng visar grunderna i hur man kan forma sina kanter och f\u00e5 en fin yta p\u00e5 sin sk\u00e4rbr\u00e4da. Det finns massor av tekniker och alternativ att g\u00f6ra detta p\u00e5. S\u00e5 h\u00e4r visar jag med de verktyg som ni kommer i kontakt med i denna kurs.<\/p>\n","protected":false},"author":2,"featured_media":0,"parent":34,"menu_order":0,"comment_status":"closed","ping_status":"closed","template":"","meta":{"footnotes":""},"class_list":["post-104","page","type-page","status-publish","hentry"],"_links":{"self":[{"href":"https:\/\/slug.lindhesidan.se\/index.php?rest_route=\/wp\/v2\/pages\/104","targetHints":{"allow":["GET"]}}],"collection":[{"href":"https:\/\/slug.lindhesidan.se\/index.php?rest_route=\/wp\/v2\/pages"}],"about":[{"href":"https:\/\/slug.lindhesidan.se\/index.php?rest_route=\/wp\/v2\/types\/page"}],"author":[{"embeddable":true,"href":"https:\/\/slug.lindhesidan.se\/index.php?rest_route=\/wp\/v2\/users\/2"}],"replies":[{"embeddable":true,"href":"https:\/\/slug.lindhesidan.se\/index.php?rest_route=%2Fwp%2Fv2%2Fcomments&post=104"}],"version-history":[{"count":5,"href":"https:\/\/slug.lindhesidan.se\/index.php?rest_route=\/wp\/v2\/pages\/104\/revisions"}],"predecessor-version":[{"id":216,"href":"https:\/\/slug.lindhesidan.se\/index.php?rest_route=\/wp\/v2\/pages\/104\/revisions\/216"}],"up":[{"embeddable":true,"href":"https:\/\/slug.lindhesidan.se\/index.php?rest_route=\/wp\/v2\/pages\/34"}],"wp:attachment":[{"href":"https:\/\/slug.lindhesidan.se\/index.php?rest_route=%2Fwp%2Fv2%2Fmedia&parent=104"}],"curies":[{"name":"wp","href":"https:\/\/api.w.org\/{rel}","templated":true}]}}